{"id":7,"date":"2025-09-23T12:17:46","date_gmt":"2025-09-23T12:17:46","guid":{"rendered":"https:\/\/officemanager.se\/index.php\/varukorg\/"},"modified":"2025-11-17T15:02:46","modified_gmt":"2025-11-17T15:02:46","slug":"varukorg","status":"publish","type":"page","link":"https:\/\/staging-d260211.officemanager.se\/index.php\/varukorg\/","title":{"rendered":"Varukorg"},"content":{"rendered":"\n<div data-block-name=\"woocommerce\/cart\" class=\"wp-block-woocommerce-cart alignwide is-loading\">\n<div data-block-name=\"woocommerce\/filled-cart-block\" class=\"wp-block-woocommerce-filled-cart-block\">\n<div data-block-name=\"woocommerce\/cart-items-block\" class=\"wp-block-woocommerce-cart-items-block\">\n<div data-block-name=\"woocommerce\/cart-line-items-block\" class=\"wp-block-woocommerce-cart-line-items-block\"><\/div>\n\n\n<\/div>\n\n\n\n<div data-block-name=\"woocommerce\/cart-totals-block\" class=\"wp-block-woocommerce-cart-totals-block\">\n<div data-block-name=\"woocommerce\/cart-order-summary-block\" class=\"wp-block-woocommerce-cart-order-summary-block\">\n<div data-block-name=\"woocommerce\/cart-order-summary-heading-block\" data-content=\"Varukorg totalbelopp\" class=\"wp-block-woocommerce-cart-order-summary-heading-block\"><\/div>\n\n\n\n<div data-block-name=\"woocommerce\/cart-order-summary-coupon-form-block\" class=\"wp-block-woocommerce-cart-order-summary-coupon-form-block\"><\/div>\n\n\n\n<div data-block-name=\"woocommerce\/cart-order-summary-totals-block\" class=\"wp-block-woocommerce-cart-order-summary-totals-block\">\n<div data-block-name=\"woocommerce\/cart-order-summary-subtotal-block\" class=\"wp-block-woocommerce-cart-order-summary-subtotal-block\"><\/div>\n\n\n\n<div data-block-name=\"woocommerce\/cart-order-summary-fee-block\" class=\"wp-block-woocommerce-cart-order-summary-fee-block\"><\/div>\n\n\n\n<div data-block-name=\"woocommerce\/cart-order-summary-discount-block\" class=\"wp-block-woocommerce-cart-order-summary-discount-block\"><\/div>\n\n\n\n<div data-block-name=\"woocommerce\/cart-order-summary-shipping-block\" class=\"wp-block-woocommerce-cart-order-summary-shipping-block\"><\/div>\n\n\n\n<div data-block-name=\"woocommerce\/cart-order-summary-taxes-block\" class=\"wp-block-woocommerce-cart-order-summary-taxes-block\"><\/div>\n<\/div>\n<\/div>\n\n\n\n<div data-block-name=\"woocommerce\/cart-express-payment-block\" class=\"wp-block-woocommerce-cart-express-payment-block\"><\/div>\n\n\n\n<div data-block-name=\"woocommerce\/proceed-to-checkout-block\" class=\"wp-block-woocommerce-proceed-to-checkout-block\"><\/div>\n\n\n\n<div data-block-name=\"woocommerce\/cart-accepted-payment-methods-block\" class=\"wp-block-woocommerce-cart-accepted-payment-methods-block\"><\/div>\n<\/div>\n<\/div>\n\n\n\n<div data-block-name=\"woocommerce\/empty-cart-block\" class=\"wp-block-woocommerce-empty-cart-block\">\n<h2 class=\"wp-block-heading has-text-align-center with-empty-cart-icon wc-block-cart__empty-cart__title\">Din varukorg \u00e4r f\u00f6r n\u00e4rvarande tom!<\/h2>\n\n\n\n<hr class=\"wp-block-separator has-alpha-channel-opacity is-style-dots\"\/>\n\n\n\n<h2 class=\"wp-block-heading has-text-align-center\">Nytt i butik<\/h2>\n\n\n<div data-block-name=\"woocommerce\/product-new\" data-columns=\"4\" data-rows=\"1\" class=\"wc-block-grid wp-block-product-new wp-block-woocommerce-product-new wc-block-product-new has-4-columns\"><ul class=\"wc-block-grid__products\"><li class=\"wc-block-grid__product\">\n\t\t\t\t<a href=\"https:\/\/staging-d260211.officemanager.se\/index.php\/produkt\/sjalvhaftande-ficka-pocketfix-10-fp\/\" class=\"wc-block-grid__product-link\">\n\t\t\t\t\t\n\t\t\t\t\t<div class=\"wc-block-grid__product-image\"><img loading=\"lazy\" decoding=\"async\" width=\"324\" height=\"324\" src=\"https:\/\/staging-d260211.officemanager.se\/wp-content\/uploads\/2026\/02\/sjalvhaftande_ficka_1-324x324.webp?wsr\" class=\"attachment-woocommerce_thumbnail size-woocommerce_thumbnail\" alt=\"Sj\u00e4lvh\u00e4ftande ficka Pocketfix, 10\/fp\" srcset=\"https:\/\/staging-d260211.officemanager.se\/wp-content\/uploads\/2026\/02\/sjalvhaftande_ficka_1-324x324.webp 324w, https:\/\/staging-d260211.officemanager.se\/wp-content\/uploads\/2026\/02\/sjalvhaftande_ficka_1-150x150.webp 150w, https:\/\/staging-d260211.officemanager.se\/wp-content\/uploads\/2026\/02\/sjalvhaftande_ficka_1-100x100.webp 100w\" sizes=\"auto, (max-width: 324px) 100vw, 324px\" \/><\/div>\n\t\t\t\t\t<div class=\"wc-block-grid__product-title\">Sj\u00e4lvh\u00e4ftande ficka Pocketfix, 10\/fp<\/div>\n\t\t\t\t<\/a>\n\t\t\t\t<div class=\"wc-block-grid__product-price price\"><div><a class=\"single_add_to_cart_button button alt\" href=\"https:\/\/staging-d260211.officemanager.se\/index.php\/mitt-konto\/\">Logga in f\u00f6r pris<\/a><\/div><\/div>\n\t\t\t\t\n\t\t\t\t<div class=\"wp-block-button wc-block-grid__product-add-to-cart\"><a href=\"https:\/\/staging-d260211.officemanager.se\/index.php\/produkt\/sjalvhaftande-ficka-pocketfix-10-fp\/\" aria-label=\"L\u00e4s mer om \u201dSj\u00e4lvh\u00e4ftande ficka Pocketfix, 10\/fp\u201d\" data-quantity=\"1\" data-product_id=\"1772\" data-product_sku=\"120018\" data-price=\"54\" rel=\"nofollow\" class=\"wp-block-button__link  add_to_cart_button\">L\u00e4s mer<\/a><\/div>\n\t\t\t<\/li><li class=\"wc-block-grid__product\">\n\t\t\t\t<a href=\"https:\/\/staging-d260211.officemanager.se\/index.php\/produkt\/brevvag-2kg-dymo-m2-svart\/\" class=\"wc-block-grid__product-link\">\n\t\t\t\t\t\n\t\t\t\t\t<div class=\"wc-block-grid__product-image\"><img loading=\"lazy\" decoding=\"async\" width=\"288\" height=\"288\" src=\"https:\/\/staging-d260211.officemanager.se\/wp-content\/uploads\/2026\/02\/dymo_brevvag_1.jpg?wsr\" class=\"attachment-woocommerce_thumbnail size-woocommerce_thumbnail\" alt=\"Brevv\u00e5g 2kg DYMO M2 Svart\" srcset=\"https:\/\/staging-d260211.officemanager.se\/wp-content\/uploads\/2026\/02\/dymo_brevvag_1.jpg 288w, https:\/\/staging-d260211.officemanager.se\/wp-content\/uploads\/2026\/02\/dymo_brevvag_1-150x150.jpg 150w, https:\/\/staging-d260211.officemanager.se\/wp-content\/uploads\/2026\/02\/dymo_brevvag_1-100x100.jpg 100w\" sizes=\"auto, (max-width: 288px) 100vw, 288px\" \/><\/div>\n\t\t\t\t\t<div class=\"wc-block-grid__product-title\">Brevv\u00e5g 2kg DYMO M2 Svart<\/div>\n\t\t\t\t<\/a>\n\t\t\t\t<div class=\"wc-block-grid__product-price price\"><div><a class=\"single_add_to_cart_button button alt\" href=\"https:\/\/staging-d260211.officemanager.se\/index.php\/mitt-konto\/\">Logga in f\u00f6r pris<\/a><\/div><\/div>\n\t\t\t\t\n\t\t\t\t<div class=\"wp-block-button wc-block-grid__product-add-to-cart\"><a href=\"https:\/\/staging-d260211.officemanager.se\/index.php\/produkt\/brevvag-2kg-dymo-m2-svart\/\" aria-label=\"L\u00e4s mer om \u201dBrevv\u00e5g 2kg DYMO M2 Svart\u201d\" data-quantity=\"1\" data-product_id=\"1769\" data-product_sku=\"120017\" data-price=\"659\" rel=\"nofollow\" class=\"wp-block-button__link  add_to_cart_button\">L\u00e4s mer<\/a><\/div>\n\t\t\t<\/li><li class=\"wc-block-grid__product\">\n\t\t\t\t<a href=\"https:\/\/staging-d260211.officemanager.se\/index.php\/produkt\/presentpapper-guld-silver-057x154-m\/\" class=\"wc-block-grid__product-link\">\n\t\t\t\t\t\n\t\t\t\t\t<div class=\"wc-block-grid__product-image\"><img loading=\"lazy\" decoding=\"async\" width=\"324\" height=\"324\" src=\"https:\/\/staging-d260211.officemanager.se\/wp-content\/uploads\/2026\/02\/presentpapper_guld-silver-324x324.webp?wsr\" class=\"attachment-woocommerce_thumbnail size-woocommerce_thumbnail\" alt=\"Presentpapper Guld\/Silver 0,57x154 m\" srcset=\"https:\/\/staging-d260211.officemanager.se\/wp-content\/uploads\/2026\/02\/presentpapper_guld-silver-324x324.webp 324w, https:\/\/staging-d260211.officemanager.se\/wp-content\/uploads\/2026\/02\/presentpapper_guld-silver-300x300.webp 300w, https:\/\/staging-d260211.officemanager.se\/wp-content\/uploads\/2026\/02\/presentpapper_guld-silver-150x150.webp 150w, https:\/\/staging-d260211.officemanager.se\/wp-content\/uploads\/2026\/02\/presentpapper_guld-silver-416x416.webp 416w, https:\/\/staging-d260211.officemanager.se\/wp-content\/uploads\/2026\/02\/presentpapper_guld-silver-100x100.webp 100w, https:\/\/staging-d260211.officemanager.se\/wp-content\/uploads\/2026\/02\/presentpapper_guld-silver.webp 520w\" sizes=\"auto, (max-width: 324px) 100vw, 324px\" \/><\/div>\n\t\t\t\t\t<div class=\"wc-block-grid__product-title\">Presentpapper Guld\/Silver 0,57&#215;154 m<\/div>\n\t\t\t\t<\/a>\n\t\t\t\t<div class=\"wc-block-grid__product-price price\"><div><a class=\"single_add_to_cart_button button alt\" href=\"https:\/\/staging-d260211.officemanager.se\/index.php\/mitt-konto\/\">Logga in f\u00f6r pris<\/a><\/div><\/div>\n\t\t\t\t\n\t\t\t\t<div class=\"wp-block-button wc-block-grid__product-add-to-cart\"><a href=\"https:\/\/staging-d260211.officemanager.se\/index.php\/produkt\/presentpapper-guld-silver-057x154-m\/\" aria-label=\"V\u00e4lj alternativ f\u00f6r \u201dPresentpapper Guld\/Silver 0,57x154 m\u201d\" data-quantity=\"1\" data-product_id=\"1766\" data-product_sku=\"120016\" data-price=\"1279\" rel=\"nofollow\" class=\"wp-block-button__link  add_to_cart_button\">L\u00e4s mer<\/a><\/div>\n\t\t\t<\/li><li class=\"wc-block-grid__product\">\n\t\t\t\t<a href=\"https:\/\/staging-d260211.officemanager.se\/index.php\/produkt\/presentpapper-flores-057x154-m\/\" class=\"wc-block-grid__product-link\">\n\t\t\t\t\t\n\t\t\t\t\t<div class=\"wc-block-grid__product-image\"><img loading=\"lazy\" decoding=\"async\" width=\"324\" height=\"324\" src=\"https:\/\/staging-d260211.officemanager.se\/wp-content\/uploads\/2026\/02\/presentpapper_flores-324x324.jpg?wsr\" class=\"attachment-woocommerce_thumbnail size-woocommerce_thumbnail\" alt=\"Presentpapper Flores 0,57x154 m\" srcset=\"https:\/\/staging-d260211.officemanager.se\/wp-content\/uploads\/2026\/02\/presentpapper_flores-324x324.jpg 324w, https:\/\/staging-d260211.officemanager.se\/wp-content\/uploads\/2026\/02\/presentpapper_flores-300x300.jpg 300w, https:\/\/staging-d260211.officemanager.se\/wp-content\/uploads\/2026\/02\/presentpapper_flores-1024x1024.jpg 1024w, https:\/\/staging-d260211.officemanager.se\/wp-content\/uploads\/2026\/02\/presentpapper_flores-150x150.jpg 150w, https:\/\/staging-d260211.officemanager.se\/wp-content\/uploads\/2026\/02\/presentpapper_flores-768x768.jpg 768w, https:\/\/staging-d260211.officemanager.se\/wp-content\/uploads\/2026\/02\/presentpapper_flores-416x416.jpg 416w, https:\/\/staging-d260211.officemanager.se\/wp-content\/uploads\/2026\/02\/presentpapper_flores-100x100.jpg 100w, https:\/\/staging-d260211.officemanager.se\/wp-content\/uploads\/2026\/02\/presentpapper_flores.jpg 1200w\" sizes=\"auto, (max-width: 324px) 100vw, 324px\" \/><\/div>\n\t\t\t\t\t<div class=\"wc-block-grid__product-title\">Presentpapper Flores 0,57&#215;154 m<\/div>\n\t\t\t\t<\/a>\n\t\t\t\t<div class=\"wc-block-grid__product-price price\"><div><a class=\"single_add_to_cart_button button alt\" href=\"https:\/\/staging-d260211.officemanager.se\/index.php\/mitt-konto\/\">Logga in f\u00f6r pris<\/a><\/div><\/div>\n\t\t\t\t\n\t\t\t\t<div class=\"wp-block-button wc-block-grid__product-add-to-cart\"><a href=\"https:\/\/staging-d260211.officemanager.se\/index.php\/produkt\/presentpapper-flores-057x154-m\/\" aria-label=\"L\u00e4s mer om \u201dPresentpapper Flores 0,57x154 m\u201d\" data-quantity=\"1\" data-product_id=\"1756\" data-product_sku=\"120015\" data-price=\"1279\" rel=\"nofollow\" class=\"wp-block-button__link  add_to_cart_button\">L\u00e4s mer<\/a><\/div>\n\t\t\t<\/li><\/ul><\/div><\/div>\n<\/div>\n","protected":false},"excerpt":{"rendered":"","protected":false},"author":1,"featured_media":0,"parent":0,"menu_order":1,"comment_status":"closed","ping_status":"closed","template":"","meta":{"footnotes":""},"class_list":["post-7","page","type-page","status-publish","hentry"],"jetpack_sharing_enabled":true,"_links":{"self":[{"href":"https:\/\/staging-d260211.officemanager.se\/index.php\/wp-json\/wp\/v2\/pages\/7","targetHints":{"allow":["GET"]}}],"collection":[{"href":"https:\/\/staging-d260211.officemanager.se\/index.php\/wp-json\/wp\/v2\/pages"}],"about":[{"href":"https:\/\/staging-d260211.officemanager.se\/index.php\/wp-json\/wp\/v2\/types\/page"}],"author":[{"embeddable":true,"href":"https:\/\/staging-d260211.officemanager.se\/index.php\/wp-json\/wp\/v2\/users\/1"}],"replies":[{"embeddable":true,"href":"https:\/\/staging-d260211.officemanager.se\/index.php\/wp-json\/wp\/v2\/comments?post=7"}],"version-history":[{"count":2,"href":"https:\/\/staging-d260211.officemanager.se\/index.php\/wp-json\/wp\/v2\/pages\/7\/revisions"}],"predecessor-version":[{"id":508,"href":"https:\/\/staging-d260211.officemanager.se\/index.php\/wp-json\/wp\/v2\/pages\/7\/revisions\/508"}],"wp:attachment":[{"href":"https:\/\/staging-d260211.officemanager.se\/index.php\/wp-json\/wp\/v2\/media?parent=7"}],"curies":[{"name":"wp","href":"https:\/\/api.w.org\/{rel}","templated":true}]}}