{"id":121,"date":"2025-10-01T08:01:58","date_gmt":"2025-10-01T08:01:58","guid":{"rendered":"https:\/\/officemanager.se\/?post_type=product&#038;p=121"},"modified":"2026-02-09T12:10:56","modified_gmt":"2026-02-09T12:10:56","slug":"test-expander-ficka-variationer","status":"publish","type":"product","link":"https:\/\/staging-d260211.officemanager.se\/index.php\/produkt\/test-expander-ficka-variationer\/","title":{"rendered":"Expander-ficka"},"content":{"rendered":"<p>Plastficka med b\u00e4lg som expanderar f\u00f6r att rymma en hel bunt papper (upp till 100 ark). Med h\u00e5llist f\u00f6r att s\u00e4ttas i p\u00e4rm. Smal design f\u00f6r A4-papper som inte sticker ut utan f\u00f6r p\u00e4rmen<\/p>\n","protected":false},"excerpt":{"rendered":"<p><span data-sheets-root=\"1\">Plastficka anpassad f\u00f6r att f\u00f6rvara allt fr\u00e5n ett A4-ark till en st\u00f6rre bunt papper. Med h\u00e5llist f\u00f6r att s\u00e4ttas i p\u00e4rm, A4.<br \/>\n<\/span><\/p>\n","protected":false},"featured_media":1012,"comment_status":"open","ping_status":"closed","template":"","meta":[],"product_brand":[],"product_cat":[31,32,90,24],"product_tag":[25],"class_list":{"0":"post-121","1":"product","2":"type-product","3":"status-publish","4":"has-post-thumbnail","6":"product_cat-kontoret","7":"product_cat-for-advokater","8":"product_cat-ekonomi-bokforing","9":"product_cat-fickor","10":"product_tag-plastficka","12":"first","13":"instock","14":"taxable","15":"shipping-taxable","16":"product-type-variable"},"jetpack_sharing_enabled":true,"_links":{"self":[{"href":"https:\/\/staging-d260211.officemanager.se\/index.php\/wp-json\/wp\/v2\/product\/121","targetHints":{"allow":["GET"]}}],"collection":[{"href":"https:\/\/staging-d260211.officemanager.se\/index.php\/wp-json\/wp\/v2\/product"}],"about":[{"href":"https:\/\/staging-d260211.officemanager.se\/index.php\/wp-json\/wp\/v2\/types\/product"}],"replies":[{"embeddable":true,"href":"https:\/\/staging-d260211.officemanager.se\/index.php\/wp-json\/wp\/v2\/comments?post=121"}],"wp:featuredmedia":[{"embeddable":true,"href":"https:\/\/staging-d260211.officemanager.se\/index.php\/wp-json\/wp\/v2\/media\/1012"}],"wp:attachment":[{"href":"https:\/\/staging-d260211.officemanager.se\/index.php\/wp-json\/wp\/v2\/media?parent=121"}],"wp:term":[{"taxonomy":"product_brand","embeddable":true,"href":"https:\/\/staging-d260211.officemanager.se\/index.php\/wp-json\/wp\/v2\/product_brand?post=121"},{"taxonomy":"product_cat","embeddable":true,"href":"https:\/\/staging-d260211.officemanager.se\/index.php\/wp-json\/wp\/v2\/product_cat?post=121"},{"taxonomy":"product_tag","embeddable":true,"href":"https:\/\/staging-d260211.officemanager.se\/index.php\/wp-json\/wp\/v2\/product_tag?post=121"}],"curies":[{"name":"wp","href":"https:\/\/api.w.org\/{rel}","templated":true}]}}