{"id":1437,"date":"2026-01-28T14:37:03","date_gmt":"2026-01-28T14:37:03","guid":{"rendered":"https:\/\/officemanager.se\/?post_type=product&#038;p=1437"},"modified":"2026-01-28T14:44:48","modified_gmt":"2026-01-28T14:44:48","slug":"lamineringsfickor-a4-125-mikron-matt-100-fp","status":"publish","type":"product","link":"https:\/\/staging-d260211.officemanager.se\/index.php\/produkt\/lamineringsfickor-a4-125-mikron-matt-100-fp\/","title":{"rendered":"Lamineringsfickor A4 125 Mikron Matt, 100\/fp"},"content":{"rendered":"<p>Premium lamineringsfickor fr\u00e5n Fellowes med matt yta. Designade f\u00f6r att ge \u00f6verl\u00e4get resultat och prestanda utan kr\u00e5ngel. De f\u00f6rst\u00e4rker f\u00e4rger, skyddar dina dokument och g\u00f6r att de t\u00e5l v\u00e4ta. Matt finish g\u00f6r ditt inneh\u00e5ll l\u00e4ttare att l\u00e4sa. Med en tjocklek p\u00e5 125 mikron erbjuder dessa fickor en h\u00f6g niv\u00e5 av dokumentskydd.<\/p>\n","protected":false},"excerpt":{"rendered":"<p>Premium lamineringsfickor fr\u00e5n Fellowes med matt yta i A4.<\/p>\n","protected":false},"featured_media":1438,"comment_status":"open","ping_status":"closed","template":"","meta":[],"product_brand":[],"product_cat":[32,57],"product_tag":[68],"class_list":{"0":"post-1437","1":"product","2":"type-product","3":"status-publish","4":"has-post-thumbnail","6":"product_cat-for-advokater","7":"product_cat-inbindning-laminering","8":"product_tag-laminering","10":"first","11":"instock","12":"taxable","13":"shipping-taxable","14":"product-type-simple"},"jetpack_sharing_enabled":true,"_links":{"self":[{"href":"https:\/\/staging-d260211.officemanager.se\/index.php\/wp-json\/wp\/v2\/product\/1437","targetHints":{"allow":["GET"]}}],"collection":[{"href":"https:\/\/staging-d260211.officemanager.se\/index.php\/wp-json\/wp\/v2\/product"}],"about":[{"href":"https:\/\/staging-d260211.officemanager.se\/index.php\/wp-json\/wp\/v2\/types\/product"}],"replies":[{"embeddable":true,"href":"https:\/\/staging-d260211.officemanager.se\/index.php\/wp-json\/wp\/v2\/comments?post=1437"}],"wp:featuredmedia":[{"embeddable":true,"href":"https:\/\/staging-d260211.officemanager.se\/index.php\/wp-json\/wp\/v2\/media\/1438"}],"wp:attachment":[{"href":"https:\/\/staging-d260211.officemanager.se\/index.php\/wp-json\/wp\/v2\/media?parent=1437"}],"wp:term":[{"taxonomy":"product_brand","embeddable":true,"href":"https:\/\/staging-d260211.officemanager.se\/index.php\/wp-json\/wp\/v2\/product_brand?post=1437"},{"taxonomy":"product_cat","embeddable":true,"href":"https:\/\/staging-d260211.officemanager.se\/index.php\/wp-json\/wp\/v2\/product_cat?post=1437"},{"taxonomy":"product_tag","embeddable":true,"href":"https:\/\/staging-d260211.officemanager.se\/index.php\/wp-json\/wp\/v2\/product_tag?post=1437"}],"curies":[{"name":"wp","href":"https:\/\/api.w.org\/{rel}","templated":true}]}}