{"id":1450,"date":"2026-01-29T07:34:20","date_gmt":"2026-01-29T07:34:20","guid":{"rendered":"https:\/\/officemanager.se\/?post_type=product&#038;p=1450"},"modified":"2026-01-29T07:39:49","modified_gmt":"2026-01-29T07:39:49","slug":"register-1-10-plast","status":"publish","type":"product","link":"https:\/\/staging-d260211.officemanager.se\/index.php\/produkt\/register-1-10-plast\/","title":{"rendered":"Register 1-10, plast"},"content":{"rendered":"<p>A4 register med indexssida och flikar. Multih\u00e5lningar f\u00f6r 2,3,4 och Svensk h\u00e5lning. Tillverkad i 110 microns PP plast och 105 grams indexsida i papper.<\/p>\n","protected":false},"excerpt":{"rendered":"<p>Register, 1-10<\/p>\n","protected":false},"featured_media":1451,"comment_status":"open","ping_status":"closed","template":"","meta":[],"product_brand":[],"product_cat":[31,63],"product_tag":[65],"class_list":{"0":"post-1450","1":"product","2":"type-product","3":"status-publish","4":"has-post-thumbnail","6":"product_cat-kontoret","7":"product_cat-parmar-register","8":"product_tag-register","10":"first","11":"instock","12":"taxable","13":"shipping-taxable","14":"product-type-simple"},"jetpack_sharing_enabled":true,"_links":{"self":[{"href":"https:\/\/staging-d260211.officemanager.se\/index.php\/wp-json\/wp\/v2\/product\/1450","targetHints":{"allow":["GET"]}}],"collection":[{"href":"https:\/\/staging-d260211.officemanager.se\/index.php\/wp-json\/wp\/v2\/product"}],"about":[{"href":"https:\/\/staging-d260211.officemanager.se\/index.php\/wp-json\/wp\/v2\/types\/product"}],"replies":[{"embeddable":true,"href":"https:\/\/staging-d260211.officemanager.se\/index.php\/wp-json\/wp\/v2\/comments?post=1450"}],"wp:featuredmedia":[{"embeddable":true,"href":"https:\/\/staging-d260211.officemanager.se\/index.php\/wp-json\/wp\/v2\/media\/1451"}],"wp:attachment":[{"href":"https:\/\/staging-d260211.officemanager.se\/index.php\/wp-json\/wp\/v2\/media?parent=1450"}],"wp:term":[{"taxonomy":"product_brand","embeddable":true,"href":"https:\/\/staging-d260211.officemanager.se\/index.php\/wp-json\/wp\/v2\/product_brand?post=1450"},{"taxonomy":"product_cat","embeddable":true,"href":"https:\/\/staging-d260211.officemanager.se\/index.php\/wp-json\/wp\/v2\/product_cat?post=1450"},{"taxonomy":"product_tag","embeddable":true,"href":"https:\/\/staging-d260211.officemanager.se\/index.php\/wp-json\/wp\/v2\/product_tag?post=1450"}],"curies":[{"name":"wp","href":"https:\/\/api.w.org\/{rel}","templated":true}]}}