{"id":178,"date":"2025-10-06T15:24:24","date_gmt":"2025-10-06T15:24:24","guid":{"rendered":"https:\/\/officemanager.se\/?post_type=product&#038;p=178"},"modified":"2026-01-22T15:38:05","modified_gmt":"2026-01-22T15:38:05","slug":"notisblock-med-hallare","status":"publish","type":"product","link":"https:\/\/staging-d260211.officemanager.se\/index.php\/produkt\/notisblock-med-hallare\/","title":{"rendered":"Notisblock med h\u00e5llare"},"content":{"rendered":"<div>Notisblock med h\u00e5llare \u00e4r en praktisk l\u00f6sning f\u00f6r att organisera en arbetsplats. Den inneh\u00e5ller en h\u00e5llare och pastellf\u00e4rgade klisterlappar i storleken 76&#215;76 mm, (200 ark\/block). Ytterligare storlekar: 76&#215;25 mm (200 ark\/block) och 45&#215;12 mm (125 ark\/5 block, 25 av varje f\u00e4rg). Penna och gem ing\u00e5r ej.<\/div>\n","protected":false},"excerpt":{"rendered":"<p>Notisblock med flera storlekar och praktisk h\u00e5llare<\/p>\n","protected":false},"featured_media":1230,"comment_status":"open","ping_status":"closed","template":"","meta":[],"product_brand":[34],"product_cat":[19],"product_tag":[20],"class_list":{"0":"post-178","1":"product","2":"type-product","3":"status-publish","4":"has-post-thumbnail","6":"product_brand-stickn","7":"product_cat-notisar-indexflikar","8":"product_tag-notisar","10":"first","11":"instock","12":"taxable","13":"shipping-taxable","14":"product-type-simple"},"jetpack_sharing_enabled":true,"_links":{"self":[{"href":"https:\/\/staging-d260211.officemanager.se\/index.php\/wp-json\/wp\/v2\/product\/178","targetHints":{"allow":["GET"]}}],"collection":[{"href":"https:\/\/staging-d260211.officemanager.se\/index.php\/wp-json\/wp\/v2\/product"}],"about":[{"href":"https:\/\/staging-d260211.officemanager.se\/index.php\/wp-json\/wp\/v2\/types\/product"}],"replies":[{"embeddable":true,"href":"https:\/\/staging-d260211.officemanager.se\/index.php\/wp-json\/wp\/v2\/comments?post=178"}],"wp:featuredmedia":[{"embeddable":true,"href":"https:\/\/staging-d260211.officemanager.se\/index.php\/wp-json\/wp\/v2\/media\/1230"}],"wp:attachment":[{"href":"https:\/\/staging-d260211.officemanager.se\/index.php\/wp-json\/wp\/v2\/media?parent=178"}],"wp:term":[{"taxonomy":"product_brand","embeddable":true,"href":"https:\/\/staging-d260211.officemanager.se\/index.php\/wp-json\/wp\/v2\/product_brand?post=178"},{"taxonomy":"product_cat","embeddable":true,"href":"https:\/\/staging-d260211.officemanager.se\/index.php\/wp-json\/wp\/v2\/product_cat?post=178"},{"taxonomy":"product_tag","embeddable":true,"href":"https:\/\/staging-d260211.officemanager.se\/index.php\/wp-json\/wp\/v2\/product_tag?post=178"}],"curies":[{"name":"wp","href":"https:\/\/api.w.org\/{rel}","templated":true}]}}