{"id":203,"date":"2025-10-10T08:53:22","date_gmt":"2025-10-10T08:53:22","guid":{"rendered":"https:\/\/officemanager.se\/?post_type=product&#038;p=203"},"modified":"2026-02-02T12:45:55","modified_gmt":"2026-02-02T12:45:55","slug":"info-pocket","status":"publish","type":"product","link":"https:\/\/staging-d260211.officemanager.se\/index.php\/produkt\/info-pocket\/","title":{"rendered":"Info-Pocket, f\u00f6r ex information, sj\u00e4lvh\u00e4ftande &#038; avtagbar, A4-A6"},"content":{"rendered":"<p>Info-Pocket, sj\u00e4lvh\u00e4ftande med s.k. removable lim som inte l\u00e4mnar m\u00e4rken p\u00e5 h\u00e5rda sl\u00e4ta ytor som t ex glas. Kan anv\u00e4ndas f\u00f6r att skydda presentationer, bruksanvisningar mm p\u00e5 ditt kontor<\/p>\n","protected":false},"excerpt":{"rendered":"<p>Kan anv\u00e4ndas f\u00f6r att skydda presentationer, bruksanvisningar mm p\u00e5 ditt kontor<\/p>\n","protected":false},"featured_media":1553,"comment_status":"open","ping_status":"closed","template":"","meta":[],"product_brand":[],"product_cat":[31,33,43],"product_tag":[48,47],"class_list":{"0":"post-203","1":"product","2":"type-product","3":"status-publish","4":"has-post-thumbnail","6":"product_cat-kontoret","7":"product_cat-for-skola-forskola","8":"product_cat-anslag-upphangning","9":"product_tag-sjalvhaftande","10":"product_tag-upphangning","12":"first","13":"instock","14":"taxable","15":"shipping-taxable","16":"product-type-variable"},"jetpack_sharing_enabled":true,"_links":{"self":[{"href":"https:\/\/staging-d260211.officemanager.se\/index.php\/wp-json\/wp\/v2\/product\/203","targetHints":{"allow":["GET"]}}],"collection":[{"href":"https:\/\/staging-d260211.officemanager.se\/index.php\/wp-json\/wp\/v2\/product"}],"about":[{"href":"https:\/\/staging-d260211.officemanager.se\/index.php\/wp-json\/wp\/v2\/types\/product"}],"replies":[{"embeddable":true,"href":"https:\/\/staging-d260211.officemanager.se\/index.php\/wp-json\/wp\/v2\/comments?post=203"}],"wp:featuredmedia":[{"embeddable":true,"href":"https:\/\/staging-d260211.officemanager.se\/index.php\/wp-json\/wp\/v2\/media\/1553"}],"wp:attachment":[{"href":"https:\/\/staging-d260211.officemanager.se\/index.php\/wp-json\/wp\/v2\/media?parent=203"}],"wp:term":[{"taxonomy":"product_brand","embeddable":true,"href":"https:\/\/staging-d260211.officemanager.se\/index.php\/wp-json\/wp\/v2\/product_brand?post=203"},{"taxonomy":"product_cat","embeddable":true,"href":"https:\/\/staging-d260211.officemanager.se\/index.php\/wp-json\/wp\/v2\/product_cat?post=203"},{"taxonomy":"product_tag","embeddable":true,"href":"https:\/\/staging-d260211.officemanager.se\/index.php\/wp-json\/wp\/v2\/product_tag?post=203"}],"curies":[{"name":"wp","href":"https:\/\/api.w.org\/{rel}","templated":true}]}}