{"id":210,"date":"2025-10-10T08:55:15","date_gmt":"2025-10-10T08:55:15","guid":{"rendered":"https:\/\/officemanager.se\/?post_type=product&#038;p=210"},"modified":"2026-02-05T10:25:07","modified_gmt":"2026-02-05T10:25:07","slug":"silicone-clips","status":"publish","type":"product","link":"https:\/\/staging-d260211.officemanager.se\/index.php\/produkt\/silicone-clips\/","title":{"rendered":"Silicone &#8211; Clips, \u00e5teranv\u00e4ndbar"},"content":{"rendered":"<p>Clips med f\u00e4ste av silikon. F\u00f6r upph\u00e4ngning av anslag utan att skada underlaget. Om limknappen skulle bli smutsig eller dammig g\u00e5r det bra att tv\u00e4tta den med vanligt diskmedel och ljummet vatten s\u00e5 blir den som ny igen.<\/p>\n","protected":false},"excerpt":{"rendered":"<p>Sj\u00e4lvh\u00e4ftande clips i silikon. Enkel att reng\u00f6ra med ljummet vatten och kan \u00e5teranv\u00e4ndas flera g\u00e5nger.<\/p>\n","protected":false},"featured_media":1255,"comment_status":"open","ping_status":"closed","template":"","meta":[],"product_brand":[],"product_cat":[33,43],"product_tag":[46,47],"class_list":{"0":"post-210","1":"product","2":"type-product","3":"status-publish","4":"has-post-thumbnail","6":"product_cat-for-skola-forskola","7":"product_cat-anslag-upphangning","8":"product_tag-anslag","9":"product_tag-upphangning","11":"first","12":"instock","13":"taxable","14":"shipping-taxable","15":"product-type-simple"},"jetpack_sharing_enabled":true,"_links":{"self":[{"href":"https:\/\/staging-d260211.officemanager.se\/index.php\/wp-json\/wp\/v2\/product\/210","targetHints":{"allow":["GET"]}}],"collection":[{"href":"https:\/\/staging-d260211.officemanager.se\/index.php\/wp-json\/wp\/v2\/product"}],"about":[{"href":"https:\/\/staging-d260211.officemanager.se\/index.php\/wp-json\/wp\/v2\/types\/product"}],"replies":[{"embeddable":true,"href":"https:\/\/staging-d260211.officemanager.se\/index.php\/wp-json\/wp\/v2\/comments?post=210"}],"wp:featuredmedia":[{"embeddable":true,"href":"https:\/\/staging-d260211.officemanager.se\/index.php\/wp-json\/wp\/v2\/media\/1255"}],"wp:attachment":[{"href":"https:\/\/staging-d260211.officemanager.se\/index.php\/wp-json\/wp\/v2\/media?parent=210"}],"wp:term":[{"taxonomy":"product_brand","embeddable":true,"href":"https:\/\/staging-d260211.officemanager.se\/index.php\/wp-json\/wp\/v2\/product_brand?post=210"},{"taxonomy":"product_cat","embeddable":true,"href":"https:\/\/staging-d260211.officemanager.se\/index.php\/wp-json\/wp\/v2\/product_cat?post=210"},{"taxonomy":"product_tag","embeddable":true,"href":"https:\/\/staging-d260211.officemanager.se\/index.php\/wp-json\/wp\/v2\/product_tag?post=210"}],"curies":[{"name":"wp","href":"https:\/\/api.w.org\/{rel}","templated":true}]}}