{"id":229,"date":"2025-10-13T11:28:17","date_gmt":"2025-10-13T11:28:17","guid":{"rendered":"https:\/\/officemanager.se\/?post_type=product&#038;p=229"},"modified":"2026-02-09T11:53:35","modified_gmt":"2026-02-09T11:53:35","slug":"spiralkladd-anteckningsblock-linjerat-96-ark-70-g-5-pack","status":"publish","type":"product","link":"https:\/\/staging-d260211.officemanager.se\/index.php\/produkt\/spiralkladd-anteckningsblock-linjerat-96-ark-70-g-5-pack\/","title":{"rendered":"Kollegieblock A5 l\u00e5ng, kraftigt omslag, linjerat"},"content":{"rendered":"<p>Linjerat spiralblock 148x295mm med vit sidospiral, 96 ark och 70g papper. Blocken \u00e4r FSC m\u00e4rkta med vit fram- och baksida samt mikroperforerade papper. Detta block \u00e4r smalare \u00e4n ett vanligt A4 kollegieblock, vilket g\u00f6r det l\u00e4tt att b\u00e4ra med sig. Perfekt f\u00f6r anteckningar p\u00e5 kontoret.<\/p>\n","protected":false},"excerpt":{"rendered":"<p>Kollegieblock, 148x295mm, linjerat 96 ark, 70g<\/p>\n","protected":false},"featured_media":231,"comment_status":"open","ping_status":"closed","template":"","meta":[],"product_brand":[],"product_cat":[31,32,90,33,23],"product_tag":[22],"class_list":{"0":"post-229","1":"product","2":"type-product","3":"status-publish","4":"has-post-thumbnail","6":"product_cat-kontoret","7":"product_cat-for-advokater","8":"product_cat-ekonomi-bokforing","9":"product_cat-for-skola-forskola","10":"product_cat-anteckningar-block","11":"product_tag-anteckningsblock","13":"first","14":"instock","15":"taxable","16":"shipping-taxable","17":"product-type-simple"},"jetpack_sharing_enabled":true,"_links":{"self":[{"href":"https:\/\/staging-d260211.officemanager.se\/index.php\/wp-json\/wp\/v2\/product\/229","targetHints":{"allow":["GET"]}}],"collection":[{"href":"https:\/\/staging-d260211.officemanager.se\/index.php\/wp-json\/wp\/v2\/product"}],"about":[{"href":"https:\/\/staging-d260211.officemanager.se\/index.php\/wp-json\/wp\/v2\/types\/product"}],"replies":[{"embeddable":true,"href":"https:\/\/staging-d260211.officemanager.se\/index.php\/wp-json\/wp\/v2\/comments?post=229"}],"wp:featuredmedia":[{"embeddable":true,"href":"https:\/\/staging-d260211.officemanager.se\/index.php\/wp-json\/wp\/v2\/media\/231"}],"wp:attachment":[{"href":"https:\/\/staging-d260211.officemanager.se\/index.php\/wp-json\/wp\/v2\/media?parent=229"}],"wp:term":[{"taxonomy":"product_brand","embeddable":true,"href":"https:\/\/staging-d260211.officemanager.se\/index.php\/wp-json\/wp\/v2\/product_brand?post=229"},{"taxonomy":"product_cat","embeddable":true,"href":"https:\/\/staging-d260211.officemanager.se\/index.php\/wp-json\/wp\/v2\/product_cat?post=229"},{"taxonomy":"product_tag","embeddable":true,"href":"https:\/\/staging-d260211.officemanager.se\/index.php\/wp-json\/wp\/v2\/product_tag?post=229"}],"curies":[{"name":"wp","href":"https:\/\/api.w.org\/{rel}","templated":true}]}}