{"id":468,"date":"2025-10-26T13:47:49","date_gmt":"2025-10-26T13:47:49","guid":{"rendered":"https:\/\/officemanager.se\/?post_type=product&#038;p=468"},"modified":"2026-01-23T13:29:52","modified_gmt":"2026-01-23T13:29:52","slug":"wb-accessory-kit-lintex-trace","status":"publish","type":"product","link":"https:\/\/staging-d260211.officemanager.se\/index.php\/produkt\/wb-accessory-kit-lintex-trace\/","title":{"rendered":"Whiteboard Accessory Kit, Lintex Trace"},"content":{"rendered":"<p><span data-sheets-root=\"1\">Ett set om fyra pennor (svart bl\u00e4ck) med magnetiska singelpennh\u00e5llare, fem magneter, tavelsudd med tre extrafiltar, sprayflaska f\u00f6r reng\u00f6ring med vatten och en microfiberduk samt en magnetisk flaskh\u00e5llare.<\/span><\/p>\n","protected":false},"excerpt":{"rendered":"<p>Whiteboard Accessory Kit, Lintex Trace-serien<\/p>\n","protected":false},"featured_media":1274,"comment_status":"open","ping_status":"closed","template":"","meta":[],"product_brand":[54],"product_cat":[32,26,52],"product_tag":[29],"class_list":{"0":"post-468","1":"product","2":"type-product","3":"status-publish","4":"has-post-thumbnail","6":"product_brand-lintex","7":"product_cat-for-advokater","8":"product_cat-whiteboard-tillbehor","9":"product_cat-lintex","10":"product_tag-whiteboard","12":"first","13":"instock","14":"taxable","15":"shipping-taxable","16":"product-type-variable"},"jetpack_sharing_enabled":true,"_links":{"self":[{"href":"https:\/\/staging-d260211.officemanager.se\/index.php\/wp-json\/wp\/v2\/product\/468","targetHints":{"allow":["GET"]}}],"collection":[{"href":"https:\/\/staging-d260211.officemanager.se\/index.php\/wp-json\/wp\/v2\/product"}],"about":[{"href":"https:\/\/staging-d260211.officemanager.se\/index.php\/wp-json\/wp\/v2\/types\/product"}],"replies":[{"embeddable":true,"href":"https:\/\/staging-d260211.officemanager.se\/index.php\/wp-json\/wp\/v2\/comments?post=468"}],"wp:featuredmedia":[{"embeddable":true,"href":"https:\/\/staging-d260211.officemanager.se\/index.php\/wp-json\/wp\/v2\/media\/1274"}],"wp:attachment":[{"href":"https:\/\/staging-d260211.officemanager.se\/index.php\/wp-json\/wp\/v2\/media?parent=468"}],"wp:term":[{"taxonomy":"product_brand","embeddable":true,"href":"https:\/\/staging-d260211.officemanager.se\/index.php\/wp-json\/wp\/v2\/product_brand?post=468"},{"taxonomy":"product_cat","embeddable":true,"href":"https:\/\/staging-d260211.officemanager.se\/index.php\/wp-json\/wp\/v2\/product_cat?post=468"},{"taxonomy":"product_tag","embeddable":true,"href":"https:\/\/staging-d260211.officemanager.se\/index.php\/wp-json\/wp\/v2\/product_tag?post=468"}],"curies":[{"name":"wp","href":"https:\/\/api.w.org\/{rel}","templated":true}]}}