{"id":533,"date":"2025-10-27T12:24:05","date_gmt":"2025-10-27T12:24:05","guid":{"rendered":"https:\/\/officemanager.se\/?post_type=product&#038;p=533"},"modified":"2026-02-09T12:18:02","modified_gmt":"2026-02-09T12:18:02","slug":"overstrykningspenna-pilot-spoliter","status":"publish","type":"product","link":"https:\/\/staging-d260211.officemanager.se\/index.php\/produkt\/overstrykningspenna-pilot-spoliter\/","title":{"rendered":"\u00d6verstrykningspenna Pilot Spotliter, tv\u00e5 spetsar"},"content":{"rendered":"<p>Pilot Spotliter \u00e4r en p\u00e5litlig och f\u00e4rgstark \u00f6verstrykningspenna med tv\u00e5 spetsar som ger klara, j\u00e4mna och l\u00e4ttl\u00e4sta markeringar. Den snedskurna spetsen ger b\u00e5de breda och smala linjer.<\/p>\n","protected":false},"excerpt":{"rendered":"<p>\u00d6verstrykningspenna, tv\u00e5 olika spetsar i tv\u00e5 olika f\u00e4rger (gul\/rosa) i samma penna.<\/p>\n","protected":false},"featured_media":542,"comment_status":"open","ping_status":"closed","template":"","meta":[],"product_brand":[28],"product_cat":[31,90,27],"product_tag":[56,30],"class_list":{"0":"post-533","1":"product","2":"type-product","3":"status-publish","4":"has-post-thumbnail","6":"product_brand-pilot","7":"product_cat-kontoret","8":"product_cat-ekonomi-bokforing","9":"product_cat-pennor","10":"product_tag-overstrykningspenna","11":"product_tag-penna","13":"first","14":"instock","15":"taxable","16":"shipping-taxable","17":"product-type-simple"},"jetpack_sharing_enabled":true,"_links":{"self":[{"href":"https:\/\/staging-d260211.officemanager.se\/index.php\/wp-json\/wp\/v2\/product\/533","targetHints":{"allow":["GET"]}}],"collection":[{"href":"https:\/\/staging-d260211.officemanager.se\/index.php\/wp-json\/wp\/v2\/product"}],"about":[{"href":"https:\/\/staging-d260211.officemanager.se\/index.php\/wp-json\/wp\/v2\/types\/product"}],"replies":[{"embeddable":true,"href":"https:\/\/staging-d260211.officemanager.se\/index.php\/wp-json\/wp\/v2\/comments?post=533"}],"wp:featuredmedia":[{"embeddable":true,"href":"https:\/\/staging-d260211.officemanager.se\/index.php\/wp-json\/wp\/v2\/media\/542"}],"wp:attachment":[{"href":"https:\/\/staging-d260211.officemanager.se\/index.php\/wp-json\/wp\/v2\/media?parent=533"}],"wp:term":[{"taxonomy":"product_brand","embeddable":true,"href":"https:\/\/staging-d260211.officemanager.se\/index.php\/wp-json\/wp\/v2\/product_brand?post=533"},{"taxonomy":"product_cat","embeddable":true,"href":"https:\/\/staging-d260211.officemanager.se\/index.php\/wp-json\/wp\/v2\/product_cat?post=533"},{"taxonomy":"product_tag","embeddable":true,"href":"https:\/\/staging-d260211.officemanager.se\/index.php\/wp-json\/wp\/v2\/product_tag?post=533"}],"curies":[{"name":"wp","href":"https:\/\/api.w.org\/{rel}","templated":true}]}}