{"id":693,"date":"2025-11-03T15:25:26","date_gmt":"2025-11-03T15:25:26","guid":{"rendered":"https:\/\/officemanager.se\/?post_type=product&#038;p=693"},"modified":"2026-02-05T07:38:25","modified_gmt":"2026-02-05T07:38:25","slug":"lamineringsficka-a4-med-fargad-baksida","status":"publish","type":"product","link":"https:\/\/staging-d260211.officemanager.se\/index.php\/produkt\/lamineringsficka-a4-med-fargad-baksida\/","title":{"rendered":"Lamineringsfickor A4 100 Mikron med f\u00e4rgad baksida, 50 st"},"content":{"rendered":"<p>Lamineringsficka med f\u00e4rgad baksida och glasklar framsida f\u00f6r att f\u00f6rh\u00f6ja och rama in inneh\u00e5llet. Finns i svart, silver. r\u00f6d, bl\u00e5 och gul. 50 st\/fp<br \/>\nKr\u00e4ver lamineringsmaskin.<\/p>\n","protected":false},"excerpt":{"rendered":"<p>Lamineringsficka med f\u00e4rgad baksida och glasklar framsida<\/p>\n","protected":false},"featured_media":700,"comment_status":"open","ping_status":"closed","template":"","meta":[],"product_brand":[69],"product_cat":[57],"product_tag":[68],"class_list":{"0":"post-693","1":"product","2":"type-product","3":"status-publish","4":"has-post-thumbnail","6":"product_brand-gbc","7":"product_cat-inbindning-laminering","8":"product_tag-laminering","10":"first","11":"instock","12":"taxable","13":"shipping-taxable","14":"product-type-variable"},"jetpack_sharing_enabled":true,"_links":{"self":[{"href":"https:\/\/staging-d260211.officemanager.se\/index.php\/wp-json\/wp\/v2\/product\/693","targetHints":{"allow":["GET"]}}],"collection":[{"href":"https:\/\/staging-d260211.officemanager.se\/index.php\/wp-json\/wp\/v2\/product"}],"about":[{"href":"https:\/\/staging-d260211.officemanager.se\/index.php\/wp-json\/wp\/v2\/types\/product"}],"replies":[{"embeddable":true,"href":"https:\/\/staging-d260211.officemanager.se\/index.php\/wp-json\/wp\/v2\/comments?post=693"}],"wp:featuredmedia":[{"embeddable":true,"href":"https:\/\/staging-d260211.officemanager.se\/index.php\/wp-json\/wp\/v2\/media\/700"}],"wp:attachment":[{"href":"https:\/\/staging-d260211.officemanager.se\/index.php\/wp-json\/wp\/v2\/media?parent=693"}],"wp:term":[{"taxonomy":"product_brand","embeddable":true,"href":"https:\/\/staging-d260211.officemanager.se\/index.php\/wp-json\/wp\/v2\/product_brand?post=693"},{"taxonomy":"product_cat","embeddable":true,"href":"https:\/\/staging-d260211.officemanager.se\/index.php\/wp-json\/wp\/v2\/product_cat?post=693"},{"taxonomy":"product_tag","embeddable":true,"href":"https:\/\/staging-d260211.officemanager.se\/index.php\/wp-json\/wp\/v2\/product_tag?post=693"}],"curies":[{"name":"wp","href":"https:\/\/api.w.org\/{rel}","templated":true}]}}