{"id":729,"date":"2025-11-05T15:30:01","date_gmt":"2025-11-05T15:30:01","guid":{"rendered":"https:\/\/officemanager.se\/?post_type=product&#038;p=729"},"modified":"2026-02-09T12:15:51","modified_gmt":"2026-02-09T12:15:51","slug":"magic-notisblock-76x76-pastel","status":"publish","type":"product","link":"https:\/\/staging-d260211.officemanager.se\/index.php\/produkt\/magic-notisblock-76x76-pastel\/","title":{"rendered":"Magic Notisblock 76x76mm pastellf\u00e4rger"},"content":{"rendered":"<p>Sj\u00e4lvh\u00e4ftande kom-ih\u00e5g-lappar i skiftande lager i 4 pastellf\u00e4rger; gul, rosa, bl\u00e5 och gr\u00f6n. Magic serien inneb\u00e4r att du enkelt bl\u00e4ddrar fram till den f\u00e4rg du \u00f6nskar utan att beh\u00f6va ta det \u00f6versta arket som p\u00e5 vanliga notisblock. 100 ark 76x76mm.<\/p>\n","protected":false},"excerpt":{"rendered":"<p>Sj\u00e4lvh\u00e4ftande kom-ih\u00e5g-lappar i skiftande lager i 4 pastellf\u00e4rger<\/p>\n","protected":false},"featured_media":1227,"comment_status":"open","ping_status":"closed","template":"","meta":[],"product_brand":[34],"product_cat":[31,32,90,19],"product_tag":[20],"class_list":{"0":"post-729","1":"product","2":"type-product","3":"status-publish","4":"has-post-thumbnail","6":"product_brand-stickn","7":"product_cat-kontoret","8":"product_cat-for-advokater","9":"product_cat-ekonomi-bokforing","10":"product_cat-notisar-indexflikar","11":"product_tag-notisar","13":"first","14":"instock","15":"taxable","16":"shipping-taxable","17":"product-type-simple"},"jetpack_sharing_enabled":true,"_links":{"self":[{"href":"https:\/\/staging-d260211.officemanager.se\/index.php\/wp-json\/wp\/v2\/product\/729","targetHints":{"allow":["GET"]}}],"collection":[{"href":"https:\/\/staging-d260211.officemanager.se\/index.php\/wp-json\/wp\/v2\/product"}],"about":[{"href":"https:\/\/staging-d260211.officemanager.se\/index.php\/wp-json\/wp\/v2\/types\/product"}],"replies":[{"embeddable":true,"href":"https:\/\/staging-d260211.officemanager.se\/index.php\/wp-json\/wp\/v2\/comments?post=729"}],"wp:featuredmedia":[{"embeddable":true,"href":"https:\/\/staging-d260211.officemanager.se\/index.php\/wp-json\/wp\/v2\/media\/1227"}],"wp:attachment":[{"href":"https:\/\/staging-d260211.officemanager.se\/index.php\/wp-json\/wp\/v2\/media?parent=729"}],"wp:term":[{"taxonomy":"product_brand","embeddable":true,"href":"https:\/\/staging-d260211.officemanager.se\/index.php\/wp-json\/wp\/v2\/product_brand?post=729"},{"taxonomy":"product_cat","embeddable":true,"href":"https:\/\/staging-d260211.officemanager.se\/index.php\/wp-json\/wp\/v2\/product_cat?post=729"},{"taxonomy":"product_tag","embeddable":true,"href":"https:\/\/staging-d260211.officemanager.se\/index.php\/wp-json\/wp\/v2\/product_tag?post=729"}],"curies":[{"name":"wp","href":"https:\/\/api.w.org\/{rel}","templated":true}]}}