{"id":740,"date":"2025-11-05T15:53:08","date_gmt":"2025-11-05T15:53:08","guid":{"rendered":"https:\/\/officemanager.se\/?post_type=product&#038;p=740"},"modified":"2025-12-29T09:06:43","modified_gmt":"2025-12-29T09:06:43","slug":"popup-flikar-4x40st-45x12mm-neon","status":"publish","type":"product","link":"https:\/\/staging-d260211.officemanager.se\/index.php\/produkt\/popup-flikar-4x40st-45x12mm-neon\/","title":{"rendered":"PopUp flikar 4x40st 45x12mm neonf\u00e4rger"},"content":{"rendered":"<p><span data-sheets-root=\"1\">Stick&#8217;n indexflikar \u00e4r ett utm\u00e4rkt verktyg f\u00f6r sidomarkering och indexering. Genomskinlig film g\u00f6r att den inte t\u00e4cker originaldokumentet under. De \u00e4r l\u00e4tta att f\u00e4sta p\u00e5 och ta bort utan att skada dokumentet. Paket med 4 popup-flikar 45&#215;12 mm, 40 ark per block och i neonf\u00e4rgerna: gr\u00f6n, gul, orange och magenta.<\/span><\/p>\n<ul>\n<li><span data-sheets-root=\"1\">Transparent som kan anv\u00e4ndas som en avtagbar highlighter<\/span><\/li>\n<li><span data-sheets-root=\"1\">Sj\u00e4lvh\u00e4ftande, l\u00e4tt att klistra och dra av utan att l\u00e4mna n\u00e5gra sp\u00e5r<\/span><\/li>\n<li><span data-sheets-root=\"1\">Enkelt skriva p\u00e5 dem<\/span><\/li>\n<\/ul>\n","protected":false},"excerpt":{"rendered":"<p>Sm\u00e5 indexflikar till den personliga kalendern eller en rolig flik till det tr\u00e5kiga dokumentet eller l\u00e4roboken.<\/p>\n","protected":false},"featured_media":741,"comment_status":"open","ping_status":"closed","template":"","meta":[],"product_brand":[34],"product_cat":[31,33,19],"product_tag":[71,72],"class_list":{"0":"post-740","1":"product","2":"type-product","3":"status-publish","4":"has-post-thumbnail","6":"product_brand-stickn","7":"product_cat-kontoret","8":"product_cat-for-skola-forskola","9":"product_cat-notisar-indexflikar","10":"product_tag-indexflikar","11":"product_tag-pop-up-tabs","13":"first","14":"instock","15":"taxable","16":"shipping-taxable","17":"product-type-simple"},"jetpack_sharing_enabled":true,"_links":{"self":[{"href":"https:\/\/staging-d260211.officemanager.se\/index.php\/wp-json\/wp\/v2\/product\/740","targetHints":{"allow":["GET"]}}],"collection":[{"href":"https:\/\/staging-d260211.officemanager.se\/index.php\/wp-json\/wp\/v2\/product"}],"about":[{"href":"https:\/\/staging-d260211.officemanager.se\/index.php\/wp-json\/wp\/v2\/types\/product"}],"replies":[{"embeddable":true,"href":"https:\/\/staging-d260211.officemanager.se\/index.php\/wp-json\/wp\/v2\/comments?post=740"}],"wp:featuredmedia":[{"embeddable":true,"href":"https:\/\/staging-d260211.officemanager.se\/index.php\/wp-json\/wp\/v2\/media\/741"}],"wp:attachment":[{"href":"https:\/\/staging-d260211.officemanager.se\/index.php\/wp-json\/wp\/v2\/media?parent=740"}],"wp:term":[{"taxonomy":"product_brand","embeddable":true,"href":"https:\/\/staging-d260211.officemanager.se\/index.php\/wp-json\/wp\/v2\/product_brand?post=740"},{"taxonomy":"product_cat","embeddable":true,"href":"https:\/\/staging-d260211.officemanager.se\/index.php\/wp-json\/wp\/v2\/product_cat?post=740"},{"taxonomy":"product_tag","embeddable":true,"href":"https:\/\/staging-d260211.officemanager.se\/index.php\/wp-json\/wp\/v2\/product_tag?post=740"}],"curies":[{"name":"wp","href":"https:\/\/api.w.org\/{rel}","templated":true}]}}