{"id":781,"date":"2025-11-06T11:23:30","date_gmt":"2025-11-06T11:23:30","guid":{"rendered":"https:\/\/officemanager.se\/?post_type=product&#038;p=781"},"modified":"2025-11-06T11:29:44","modified_gmt":"2025-11-06T11:29:44","slug":"omslag-a4-300-micron-vit-100-fp","status":"publish","type":"product","link":"https:\/\/staging-d260211.officemanager.se\/index.php\/produkt\/omslag-a4-300-micron-vit-100-fp\/","title":{"rendered":"Omslag A4, 300 Micron, vit, 100\/fp"},"content":{"rendered":"<p>Omslag f\u00f6r bindning av A4-dokument. Vit. Anv\u00e4nds vanligtvis som omslag till framsidor, men kan lika g\u00e4rna anv\u00e4ndas som baksida. Kan anv\u00e4ndas i alla metall- och plastbindningsmaskiner. 100 st\/fp<\/p>\n","protected":false},"excerpt":{"rendered":"<p>Omslag A4 Vit f\u00f6r bindning av A4-dokument<\/p>\n","protected":false},"featured_media":782,"comment_status":"open","ping_status":"closed","template":"","meta":[],"product_brand":[61],"product_cat":[32,57],"product_tag":[62,75],"class_list":{"0":"post-781","1":"product","2":"type-product","3":"status-publish","4":"has-post-thumbnail","6":"product_brand-fellowes","7":"product_cat-for-advokater","8":"product_cat-inbindning-laminering","9":"product_tag-inbindning","10":"product_tag-omslag","12":"first","13":"instock","14":"taxable","15":"shipping-taxable","16":"product-type-simple"},"jetpack_sharing_enabled":true,"_links":{"self":[{"href":"https:\/\/staging-d260211.officemanager.se\/index.php\/wp-json\/wp\/v2\/product\/781","targetHints":{"allow":["GET"]}}],"collection":[{"href":"https:\/\/staging-d260211.officemanager.se\/index.php\/wp-json\/wp\/v2\/product"}],"about":[{"href":"https:\/\/staging-d260211.officemanager.se\/index.php\/wp-json\/wp\/v2\/types\/product"}],"replies":[{"embeddable":true,"href":"https:\/\/staging-d260211.officemanager.se\/index.php\/wp-json\/wp\/v2\/comments?post=781"}],"wp:featuredmedia":[{"embeddable":true,"href":"https:\/\/staging-d260211.officemanager.se\/index.php\/wp-json\/wp\/v2\/media\/782"}],"wp:attachment":[{"href":"https:\/\/staging-d260211.officemanager.se\/index.php\/wp-json\/wp\/v2\/media?parent=781"}],"wp:term":[{"taxonomy":"product_brand","embeddable":true,"href":"https:\/\/staging-d260211.officemanager.se\/index.php\/wp-json\/wp\/v2\/product_brand?post=781"},{"taxonomy":"product_cat","embeddable":true,"href":"https:\/\/staging-d260211.officemanager.se\/index.php\/wp-json\/wp\/v2\/product_cat?post=781"},{"taxonomy":"product_tag","embeddable":true,"href":"https:\/\/staging-d260211.officemanager.se\/index.php\/wp-json\/wp\/v2\/product_tag?post=781"}],"curies":[{"name":"wp","href":"https:\/\/api.w.org\/{rel}","templated":true}]}}