{"id":84,"date":"2025-09-29T12:44:30","date_gmt":"2025-09-29T12:44:30","guid":{"rendered":"https:\/\/officemanager.se\/?post_type=product&#038;p=84"},"modified":"2026-02-09T12:13:51","modified_gmt":"2026-02-09T12:13:51","slug":"magic-step","status":"publish","type":"product","link":"https:\/\/staging-d260211.officemanager.se\/index.php\/produkt\/magic-step\/","title":{"rendered":"Step Notes block"},"content":{"rendered":"<p>Sj\u00e4lvh\u00e4ftande kom-ih\u00e5g-lappar som f\u00e4ster \u00f6verallt om och om igen utan att skada underlaget. 5 f\u00e4rger; gr\u00f6nt, gult, orange, bl\u00e5tt och rosa i olika storlekar som ligger som en trappa. 150 ark. Perfekt f\u00f6r skrivbordet och m\u00f6tesrummet.<\/p>\n","protected":false},"excerpt":{"rendered":"<p>Sj\u00e4lvh\u00e4ftande kom-ih\u00e5g-lappar i 5 f\u00e4rger<\/p>\n","protected":false},"featured_media":1228,"comment_status":"open","ping_status":"closed","template":"","meta":[],"product_brand":[],"product_cat":[31,32,90,19],"product_tag":[20],"class_list":{"0":"post-84","1":"product","2":"type-product","3":"status-publish","4":"has-post-thumbnail","6":"product_cat-kontoret","7":"product_cat-for-advokater","8":"product_cat-ekonomi-bokforing","9":"product_cat-notisar-indexflikar","10":"product_tag-notisar","12":"first","13":"instock","14":"taxable","15":"shipping-taxable","16":"product-type-simple"},"jetpack_sharing_enabled":true,"_links":{"self":[{"href":"https:\/\/staging-d260211.officemanager.se\/index.php\/wp-json\/wp\/v2\/product\/84","targetHints":{"allow":["GET"]}}],"collection":[{"href":"https:\/\/staging-d260211.officemanager.se\/index.php\/wp-json\/wp\/v2\/product"}],"about":[{"href":"https:\/\/staging-d260211.officemanager.se\/index.php\/wp-json\/wp\/v2\/types\/product"}],"replies":[{"embeddable":true,"href":"https:\/\/staging-d260211.officemanager.se\/index.php\/wp-json\/wp\/v2\/comments?post=84"}],"wp:featuredmedia":[{"embeddable":true,"href":"https:\/\/staging-d260211.officemanager.se\/index.php\/wp-json\/wp\/v2\/media\/1228"}],"wp:attachment":[{"href":"https:\/\/staging-d260211.officemanager.se\/index.php\/wp-json\/wp\/v2\/media?parent=84"}],"wp:term":[{"taxonomy":"product_brand","embeddable":true,"href":"https:\/\/staging-d260211.officemanager.se\/index.php\/wp-json\/wp\/v2\/product_brand?post=84"},{"taxonomy":"product_cat","embeddable":true,"href":"https:\/\/staging-d260211.officemanager.se\/index.php\/wp-json\/wp\/v2\/product_cat?post=84"},{"taxonomy":"product_tag","embeddable":true,"href":"https:\/\/staging-d260211.officemanager.se\/index.php\/wp-json\/wp\/v2\/product_tag?post=84"}],"curies":[{"name":"wp","href":"https:\/\/api.w.org\/{rel}","templated":true}]}}