{"id":86,"date":"2025-09-29T13:17:51","date_gmt":"2025-09-29T13:17:51","guid":{"rendered":"https:\/\/officemanager.se\/?post_type=product&#038;p=86"},"modified":"2025-12-29T09:34:17","modified_gmt":"2025-12-29T09:34:17","slug":"kozo-skrivhafte-a5","status":"publish","type":"product","link":"https:\/\/staging-d260211.officemanager.se\/index.php\/produkt\/kozo-skrivhafte-a5\/","title":{"rendered":"KOZO Skrivh\u00e4fte A5, 3-pack"},"content":{"rendered":"<p>KOZO tunnare anteckningsbok eller anteckningsh\u00e4fte A5 med omslag i trendiga f\u00e4rger; Navy, Steel Blue och Black. Matchar fint till KOZO pennskrin och \u00f6vriga produkter i sortimentet. H\u00e4ften inneh\u00e5ller vardera 60 linjerade sidor. Slitstark och snygg sydd bindning. Cremef\u00e4rgat, 70 g papper. Levereras i 3-pack. Perfekt f\u00f6r studenter, olika f\u00e4rger f\u00f6r olika \u00e4mnen eller p\u00e5 jobbet f\u00f6r sm\u00e5 anteckningar. Tunna och flexibla anteckningsb\u00f6cker som inte v\u00e4ger s\u00e5 mycket och \u00e4r l\u00e4tta att l\u00e4gga i en ryggs\u00e4ck eller laptopfodral.<\/p>\n","protected":false},"excerpt":{"rendered":"<p><span data-sheets-root=\"1\">KOZO Skrivh\u00e4fte A5 3-pack i f\u00e4rgerna Navy Steel, Blue och Black<\/span><\/p>\n","protected":false},"featured_media":1064,"comment_status":"open","ping_status":"closed","template":"","meta":[],"product_brand":[21],"product_cat":[31,32,33,23],"product_tag":[22],"class_list":{"0":"post-86","1":"product","2":"type-product","3":"status-publish","4":"has-post-thumbnail","6":"product_brand-kozo","7":"product_cat-kontoret","8":"product_cat-for-advokater","9":"product_cat-for-skola-forskola","10":"product_cat-anteckningar-block","11":"product_tag-anteckningsblock","13":"first","14":"instock","15":"taxable","16":"shipping-taxable","17":"product-type-simple"},"jetpack_sharing_enabled":true,"_links":{"self":[{"href":"https:\/\/staging-d260211.officemanager.se\/index.php\/wp-json\/wp\/v2\/product\/86","targetHints":{"allow":["GET"]}}],"collection":[{"href":"https:\/\/staging-d260211.officemanager.se\/index.php\/wp-json\/wp\/v2\/product"}],"about":[{"href":"https:\/\/staging-d260211.officemanager.se\/index.php\/wp-json\/wp\/v2\/types\/product"}],"replies":[{"embeddable":true,"href":"https:\/\/staging-d260211.officemanager.se\/index.php\/wp-json\/wp\/v2\/comments?post=86"}],"wp:featuredmedia":[{"embeddable":true,"href":"https:\/\/staging-d260211.officemanager.se\/index.php\/wp-json\/wp\/v2\/media\/1064"}],"wp:attachment":[{"href":"https:\/\/staging-d260211.officemanager.se\/index.php\/wp-json\/wp\/v2\/media?parent=86"}],"wp:term":[{"taxonomy":"product_brand","embeddable":true,"href":"https:\/\/staging-d260211.officemanager.se\/index.php\/wp-json\/wp\/v2\/product_brand?post=86"},{"taxonomy":"product_cat","embeddable":true,"href":"https:\/\/staging-d260211.officemanager.se\/index.php\/wp-json\/wp\/v2\/product_cat?post=86"},{"taxonomy":"product_tag","embeddable":true,"href":"https:\/\/staging-d260211.officemanager.se\/index.php\/wp-json\/wp\/v2\/product_tag?post=86"}],"curies":[{"name":"wp","href":"https:\/\/api.w.org\/{rel}","templated":true}]}}