{"id":91,"date":"2025-09-29T13:36:56","date_gmt":"2025-09-29T13:36:56","guid":{"rendered":"https:\/\/officemanager.se\/?post_type=product&#038;p=91"},"modified":"2026-02-09T14:20:05","modified_gmt":"2026-02-09T14:20:05","slug":"kollegieblock-a5-linjerat","status":"publish","type":"product","link":"https:\/\/staging-d260211.officemanager.se\/index.php\/produkt\/kollegieblock-a5-linjerat\/","title":{"rendered":"Kollegieblock A5, kraftigt omslag, linjerat\/rutat"},"content":{"rendered":"<p>Sidospiralbundet linjerat\/rutat kollegieblock i A5 storlek med svensk standard h\u00e5lning. 70 ark och 70g papper. Blocken \u00e4r FSC m\u00e4rkta med vit fram- och baksida samt mikroperforerade papper. Perfekt f\u00f6r anteckningar i skolan eller p\u00e5 kontoret.<\/p>\n","protected":false},"excerpt":{"rendered":"<p>Kollegieblock A5, linjerat\/rutat, spiralbundet<\/p>\n","protected":false},"featured_media":1791,"comment_status":"open","ping_status":"closed","template":"","meta":[],"product_brand":[],"product_cat":[31,32,90,23],"product_tag":[22],"class_list":{"0":"post-91","1":"product","2":"type-product","3":"status-publish","4":"has-post-thumbnail","6":"product_cat-kontoret","7":"product_cat-for-advokater","8":"product_cat-ekonomi-bokforing","9":"product_cat-anteckningar-block","10":"product_tag-anteckningsblock","12":"first","13":"instock","14":"taxable","15":"shipping-taxable","16":"product-type-variable"},"jetpack_sharing_enabled":true,"_links":{"self":[{"href":"https:\/\/staging-d260211.officemanager.se\/index.php\/wp-json\/wp\/v2\/product\/91","targetHints":{"allow":["GET"]}}],"collection":[{"href":"https:\/\/staging-d260211.officemanager.se\/index.php\/wp-json\/wp\/v2\/product"}],"about":[{"href":"https:\/\/staging-d260211.officemanager.se\/index.php\/wp-json\/wp\/v2\/types\/product"}],"replies":[{"embeddable":true,"href":"https:\/\/staging-d260211.officemanager.se\/index.php\/wp-json\/wp\/v2\/comments?post=91"}],"wp:featuredmedia":[{"embeddable":true,"href":"https:\/\/staging-d260211.officemanager.se\/index.php\/wp-json\/wp\/v2\/media\/1791"}],"wp:attachment":[{"href":"https:\/\/staging-d260211.officemanager.se\/index.php\/wp-json\/wp\/v2\/media?parent=91"}],"wp:term":[{"taxonomy":"product_brand","embeddable":true,"href":"https:\/\/staging-d260211.officemanager.se\/index.php\/wp-json\/wp\/v2\/product_brand?post=91"},{"taxonomy":"product_cat","embeddable":true,"href":"https:\/\/staging-d260211.officemanager.se\/index.php\/wp-json\/wp\/v2\/product_cat?post=91"},{"taxonomy":"product_tag","embeddable":true,"href":"https:\/\/staging-d260211.officemanager.se\/index.php\/wp-json\/wp\/v2\/product_tag?post=91"}],"curies":[{"name":"wp","href":"https:\/\/api.w.org\/{rel}","templated":true}]}}